{"id":240,"date":"2026-01-05T19:39:27","date_gmt":"2026-01-05T19:39:27","guid":{"rendered":"https:\/\/camieugenie.com\/?page_id=240"},"modified":"2026-01-12T09:35:11","modified_gmt":"2026-01-12T09:35:11","slug":"contact","status":"publish","type":"page","link":"https:\/\/camieugenie.com\/?page_id=240","title":{"rendered":"Contact"},"content":{"rendered":"\n<div class=\"wp-block-cover alignfull is-light\" style=\"min-height:100vh;aspect-ratio:unset;\"><span aria-hidden=\"true\" class=\"wp-block-cover__background has-background-dim-100 has-background-dim\" style=\"background-color:#ffffff\"><\/span><div class=\"wp-block-cover__inner-container is-layout-flow wp-block-cover-is-layout-flow\">\n<div class=\"wp-block-media-text alignwide is-stacked-on-mobile is-vertically-aligned-center is-image-fill-element\" style=\"grid-template-columns:56% auto\"><figure class=\"wp-block-media-text__media\"><img loading=\"lazy\" decoding=\"async\" width=\"1024\" height=\"683\" src=\"http:\/\/camieugenie.com\/wp-content\/uploads\/2025\/10\/DO1020440-edited-1024x683.jpg\" alt=\"\" class=\"wp-image-139 size-full\" style=\"object-position:50% 50%\" srcset=\"https:\/\/camieugenie.com\/wp-content\/uploads\/2025\/10\/DO1020440-edited-1024x683.jpg 1024w, https:\/\/camieugenie.com\/wp-content\/uploads\/2025\/10\/DO1020440-edited-300x200.jpg 300w, https:\/\/camieugenie.com\/wp-content\/uploads\/2025\/10\/DO1020440-edited-768x512.jpg 768w, https:\/\/camieugenie.com\/wp-content\/uploads\/2025\/10\/DO1020440-edited-1536x1024.jpg 1536w, https:\/\/camieugenie.com\/wp-content\/uploads\/2025\/10\/DO1020440-edited-2048x1365.jpg 2048w\" sizes=\"auto, (max-width: 1024px) 100vw, 1024px\" \/><\/figure><div class=\"wp-block-media-text__content\">\n<h2 class=\"wp-block-heading has-text-color\" style=\"color:#000000;font-size:clamp(20px, 1.25rem + ((1vw - 3.2px) * 1.364), 32px);\"><strong>La communication, <\/strong><br><strong>c&rsquo;est le cl\u00e9<\/strong> !<\/h2>\n\n\n\n<p class=\"has-text-color\" style=\"color:#000000;font-size:clamp(14px, 0.875rem + ((1vw - 3.2px) * 0.341), 17px);\">Parlez moi de votre projet et de vos attentes. <br>Plus votre email est d\u00e9taill\u00e9, mieux je peux vous r\u00e9pondre!<br><\/p>\n\n\n\n<div class=\"wp-block-buttons is-layout-flex wp-block-buttons-is-layout-flex\">\n<div class=\"wp-block-button is-style-fill\"><a class=\"wp-block-button__link wp-element-button\">bonjour@camieugenie.com<\/a><\/div>\n<\/div>\n<\/div><\/div>\n<\/div><\/div>\n","protected":false},"excerpt":{"rendered":"","protected":false},"author":1,"featured_media":0,"parent":0,"menu_order":0,"comment_status":"closed","ping_status":"closed","template":"","meta":{"footnotes":""},"class_list":["post-240","page","type-page","status-publish","hentry"],"_links":{"self":[{"href":"https:\/\/camieugenie.com\/index.php?rest_route=\/wp\/v2\/pages\/240","targetHints":{"allow":["GET"]}}],"collection":[{"href":"https:\/\/camieugenie.com\/index.php?rest_route=\/wp\/v2\/pages"}],"about":[{"href":"https:\/\/camieugenie.com\/index.php?rest_route=\/wp\/v2\/types\/page"}],"author":[{"embeddable":true,"href":"https:\/\/camieugenie.com\/index.php?rest_route=\/wp\/v2\/users\/1"}],"replies":[{"embeddable":true,"href":"https:\/\/camieugenie.com\/index.php?rest_route=%2Fwp%2Fv2%2Fcomments&post=240"}],"version-history":[{"count":2,"href":"https:\/\/camieugenie.com\/index.php?rest_route=\/wp\/v2\/pages\/240\/revisions"}],"predecessor-version":[{"id":251,"href":"https:\/\/camieugenie.com\/index.php?rest_route=\/wp\/v2\/pages\/240\/revisions\/251"}],"wp:attachment":[{"href":"https:\/\/camieugenie.com\/index.php?rest_route=%2Fwp%2Fv2%2Fmedia&parent=240"}],"curies":[{"name":"wp","href":"https:\/\/api.w.org\/{rel}","templated":true}]}}